{"id":1201,"date":"2021-07-08T10:44:15","date_gmt":"2021-07-08T08:44:15","guid":{"rendered":"https:\/\/agriturmasolibrar.it\/?page_id=1201"},"modified":"2021-07-08T10:44:15","modified_gmt":"2021-07-08T08:44:15","slug":"psr-2014-2020","status":"publish","type":"page","link":"https:\/\/agriturmasolibrar.it\/de\/psr-2014-2020\/","title":{"rendered":"Psr 2014-2020"},"content":{"rendered":"<section class=\"l-section wpb_row height_large\"><div class=\"l-section-h i-cf\"><div class=\"g-cols vc_row via_flex valign_top type_default stacking_default\"><div class=\"vc_col-sm-12 wpb_column vc_column_container\"><div class=\"vc_column-inner\"><div class=\"wpb_wrapper\"><div class=\"wpb_text_column us_custom_432d3f53\"><div class=\"wpb_wrapper\"><h1>Psr 2014-2020<\/h1>\n<\/div><\/div><div class=\"w-separator size_small\"><\/div><div class=\"wpb_text_column us_custom_432d3f53\"><div class=\"wpb_wrapper\"><p>In unserem Betrieb produzieren wir haupts\u00e4chlich Trauben, die gr\u00f6\u00dftenteils f\u00fcr die Bereitung des Trento DOC, eines der renommiertesten Weine des Trentino, bestimmt sind. Dar\u00fcber hinaus widmen wir uns dem Kleinobst und der Tierzucht.\u00a0Im Jahr 2020 erhielt der Landwirtschaftsbetrieb Mazzalai Davide Agriturismo Maso Librar eine Beihilfe f\u00fcr den Bau des neuen Bauernhofes. Dank des Programms zur Entwicklung des l\u00e4ndlichen Raums 2014-2020 der Autonomen Provinz Trient und der Transaktion 6.4.1 (Investitionen der landwirtschaftlichen Betriebe) konnte die Errichtung des Agriturismo Maso Librar abgeschlossen werden.<\/p>\n<p>Die H\u00f6he der Beihilfe gem\u00e4\u00df Verordnung (EU) Nr. 1407\/2013 des Parlaments und des Rates vom 17.12.2013 zur Unterst\u00fctzung der l\u00e4ndlichen Entwicklung durch den Europ\u00e4ischen Landwirtschaftsfonds f\u00fcr die Entwicklung des l\u00e4ndlichen Raums (ELER), der von der Europ\u00e4ischen Union zu 42,980 %, vom Staat zu 39,914 % und von der Autonomen Provinz Trient zu 17,106 % kofinanziert wird, liegt bei 100.000 \u20ac.<\/p>\n<p>Der EU-Anteil betr\u00e4gt 42.980,00 \u20ac<br \/>\nDer staatliche Anteil betr\u00e4gt 39.914,00 \u20ac<br \/>\nDer Anteil der Autonomen Provinz Trient betr\u00e4gt 17.106,00 \u20ac<\/p>\n<\/div><\/div><div class=\"w-separator size_medium\"><\/div><div class=\"g-cols wpb_row via_flex valign_middle type_default stacking_default\"><div class=\"vc_col-sm-6 wpb_column vc_column_container\"><div class=\"vc_column-inner\"><div class=\"wpb_wrapper\"><div class=\"w-image align_none\"><div class=\"w-image-h\"><img decoding=\"async\" width=\"566\" height=\"154\" src=\"https:\/\/agriturmasolibrar.it\/wp-content\/uploads\/2021\/06\/Schermata-2021-06-09-alle-11.38.48.jpg\" class=\"attachment-full size-full\" alt=\"\" loading=\"lazy\" srcset=\"https:\/\/agriturmasolibrar.it\/wp-content\/uploads\/2021\/06\/Schermata-2021-06-09-alle-11.38.48.jpg 566w, https:\/\/agriturmasolibrar.it\/wp-content\/uploads\/2021\/06\/Schermata-2021-06-09-alle-11.38.48-300x82.jpg 300w\" sizes=\"auto, (max-width: 566px) 100vw, 566px\" \/><\/div><\/div><\/div><\/div><\/div><div class=\"vc_col-sm-6 wpb_column vc_column_container\"><div class=\"vc_column-inner\"><div class=\"wpb_wrapper\"><div class=\"wpb_text_column us_custom_432d3f53\"><div class=\"wpb_wrapper\"><p>Weitere Informationen zu F\u00f6rderm\u00f6glichkeiten finden Sie auf der Website des EPLR\u00a0www.psr.provincia.tn.it und der Europ\u00e4ischen Kommission f\u00fcr den ELER\u00a0<strong><a href=\"https:\/\/ec.europa.eu\/agriculture\/rural-development-2014-2020_it\" target=\"_blank\" rel=\"noopener\">https:\/\/ec.europa.eu\/agriculture\/rural-development-2014-2020_it<\/a><\/strong><\/p>\n<\/div><\/div><\/div><\/div><\/div><\/div><\/div><\/div><\/div><\/div><\/div><\/section>\n","protected":false},"excerpt":{"rendered":"Psr 2014-2020 In unserem Betrieb produzieren wir haupts\u00e4chlich Trauben, die gr\u00f6\u00dftenteils f\u00fcr die Bereitung des Trento DOC, eines der renommiertesten Weine des Trentino, bestimmt sind. Dar\u00fcber hinaus widmen wir uns dem Kleinobst und der Tierzucht.\u00a0Im Jahr 2020 erhielt der Landwirtschaftsbetrieb Mazzalai Davide Agriturismo Maso Librar eine Beihilfe f\u00fcr den Bau des neuen Bauernhofes. Dank des...","protected":false},"author":3,"featured_media":0,"parent":0,"menu_order":0,"comment_status":"closed","ping_status":"closed","template":"","meta":{"inline_featured_image":false,"footnotes":""},"class_list":["post-1201","page","type-page","status-publish","hentry"],"yoast_head":"<!-- This site is optimized with the Yoast SEO plugin v27.5 - https:\/\/yoast.com\/product\/yoast-seo-wordpress\/ -->\n<title>Psr 2014-2020 - Agriturismo Maso Librar<\/title>\n<meta name=\"robots\" content=\"index, follow, max-snippet:-1, max-image-preview:large, max-video-preview:-1\" \/>\n<link rel=\"canonical\" href=\"https:\/\/agriturmasolibrar.it\/de\/psr-2014-2020\/\" \/>\n<meta property=\"og:locale\" content=\"de_DE\" \/>\n<meta property=\"og:type\" content=\"article\" \/>\n<meta property=\"og:title\" content=\"Psr 2014-2020 - Agriturismo Maso Librar\" \/>\n<meta property=\"og:url\" content=\"https:\/\/agriturmasolibrar.it\/de\/psr-2014-2020\/\" \/>\n<meta property=\"og:site_name\" content=\"Agriturismo Maso Librar\" \/>\n<meta property=\"article:publisher\" content=\"https:\/\/www.facebook.com\/Agriturmasolibrar\" \/>\n<meta property=\"og:image\" content=\"https:\/\/agriturmasolibrar.it\/wp-content\/uploads\/2021\/04\/DSC03321-1-1024x684.jpg\" \/>\n\t<meta property=\"og:image:width\" content=\"1024\" \/>\n\t<meta property=\"og:image:height\" content=\"684\" \/>\n\t<meta property=\"og:image:type\" content=\"image\/jpeg\" \/>\n<meta name=\"twitter:card\" content=\"summary_large_image\" \/>\n<meta name=\"twitter:label1\" content=\"Gesch\u00e4tzte Lesezeit\" \/>\n\t<meta name=\"twitter:data1\" content=\"1\u00a0Minute\" \/>\n<script type=\"application\/ld+json\" class=\"yoast-schema-graph\">{\"@context\":\"https:\\\/\\\/schema.org\",\"@graph\":[{\"@type\":\"WebPage\",\"@id\":\"https:\\\/\\\/agriturmasolibrar.it\\\/de\\\/psr-2014-2020\\\/\",\"url\":\"https:\\\/\\\/agriturmasolibrar.it\\\/de\\\/psr-2014-2020\\\/\",\"name\":\"Psr 2014-2020 - Agriturismo Maso Librar\",\"isPartOf\":{\"@id\":\"https:\\\/\\\/agriturmasolibrar.it\\\/#website\"},\"datePublished\":\"2021-07-08T08:44:15+00:00\",\"breadcrumb\":{\"@id\":\"https:\\\/\\\/agriturmasolibrar.it\\\/de\\\/psr-2014-2020\\\/#breadcrumb\"},\"inLanguage\":\"de\",\"potentialAction\":[{\"@type\":\"ReadAction\",\"target\":[\"https:\\\/\\\/agriturmasolibrar.it\\\/de\\\/psr-2014-2020\\\/\"]}]},{\"@type\":\"BreadcrumbList\",\"@id\":\"https:\\\/\\\/agriturmasolibrar.it\\\/de\\\/psr-2014-2020\\\/#breadcrumb\",\"itemListElement\":[{\"@type\":\"ListItem\",\"position\":1,\"name\":\"Home\",\"item\":\"https:\\\/\\\/agriturmasolibrar.it\\\/de\\\/\"},{\"@type\":\"ListItem\",\"position\":2,\"name\":\"Psr 2014-2020\"}]},{\"@type\":\"WebSite\",\"@id\":\"https:\\\/\\\/agriturmasolibrar.it\\\/#website\",\"url\":\"https:\\\/\\\/agriturmasolibrar.it\\\/\",\"name\":\"Agriturismo Maso Librar\",\"description\":\"Agriturismo Maso Librar\",\"publisher\":{\"@id\":\"https:\\\/\\\/agriturmasolibrar.it\\\/#organization\"},\"potentialAction\":[{\"@type\":\"SearchAction\",\"target\":{\"@type\":\"EntryPoint\",\"urlTemplate\":\"https:\\\/\\\/agriturmasolibrar.it\\\/?s={search_term_string}\"},\"query-input\":{\"@type\":\"PropertyValueSpecification\",\"valueRequired\":true,\"valueName\":\"search_term_string\"}}],\"inLanguage\":\"de\"},{\"@type\":\"Organization\",\"@id\":\"https:\\\/\\\/agriturmasolibrar.it\\\/#organization\",\"name\":\"Agriturismo Maso Librar - Trento\",\"url\":\"https:\\\/\\\/agriturmasolibrar.it\\\/\",\"logo\":{\"@type\":\"ImageObject\",\"inLanguage\":\"de\",\"@id\":\"https:\\\/\\\/agriturmasolibrar.it\\\/#\\\/schema\\\/logo\\\/image\\\/\",\"url\":\"https:\\\/\\\/agriturmasolibrar.it\\\/wp-content\\\/uploads\\\/2024\\\/11\\\/ico-masolibrar.png\",\"contentUrl\":\"https:\\\/\\\/agriturmasolibrar.it\\\/wp-content\\\/uploads\\\/2024\\\/11\\\/ico-masolibrar.png\",\"width\":1200,\"height\":1200,\"caption\":\"Agriturismo Maso Librar - Trento\"},\"image\":{\"@id\":\"https:\\\/\\\/agriturmasolibrar.it\\\/#\\\/schema\\\/logo\\\/image\\\/\"},\"sameAs\":[\"https:\\\/\\\/www.facebook.com\\\/Agriturmasolibrar\",\"https:\\\/\\\/www.instagram.com\\\/masolibrar\\\/\"]}]}<\/script>\n<!-- \/ Yoast SEO plugin. -->","yoast_head_json":{"title":"Psr 2014-2020 - Agriturismo Maso Librar","robots":{"index":"index","follow":"follow","max-snippet":"max-snippet:-1","max-image-preview":"max-image-preview:large","max-video-preview":"max-video-preview:-1"},"canonical":"https:\/\/agriturmasolibrar.it\/de\/psr-2014-2020\/","og_locale":"de_DE","og_type":"article","og_title":"Psr 2014-2020 - Agriturismo Maso Librar","og_url":"https:\/\/agriturmasolibrar.it\/de\/psr-2014-2020\/","og_site_name":"Agriturismo Maso Librar","article_publisher":"https:\/\/www.facebook.com\/Agriturmasolibrar","og_image":[{"width":1024,"height":684,"url":"https:\/\/agriturmasolibrar.it\/wp-content\/uploads\/2021\/04\/DSC03321-1-1024x684.jpg","type":"image\/jpeg"}],"twitter_card":"summary_large_image","twitter_misc":{"Gesch\u00e4tzte Lesezeit":"1\u00a0Minute"},"schema":{"@context":"https:\/\/schema.org","@graph":[{"@type":"WebPage","@id":"https:\/\/agriturmasolibrar.it\/de\/psr-2014-2020\/","url":"https:\/\/agriturmasolibrar.it\/de\/psr-2014-2020\/","name":"Psr 2014-2020 - Agriturismo Maso Librar","isPartOf":{"@id":"https:\/\/agriturmasolibrar.it\/#website"},"datePublished":"2021-07-08T08:44:15+00:00","breadcrumb":{"@id":"https:\/\/agriturmasolibrar.it\/de\/psr-2014-2020\/#breadcrumb"},"inLanguage":"de","potentialAction":[{"@type":"ReadAction","target":["https:\/\/agriturmasolibrar.it\/de\/psr-2014-2020\/"]}]},{"@type":"BreadcrumbList","@id":"https:\/\/agriturmasolibrar.it\/de\/psr-2014-2020\/#breadcrumb","itemListElement":[{"@type":"ListItem","position":1,"name":"Home","item":"https:\/\/agriturmasolibrar.it\/de\/"},{"@type":"ListItem","position":2,"name":"Psr 2014-2020"}]},{"@type":"WebSite","@id":"https:\/\/agriturmasolibrar.it\/#website","url":"https:\/\/agriturmasolibrar.it\/","name":"Agriturismo Maso Librar","description":"Agriturismo Maso Librar","publisher":{"@id":"https:\/\/agriturmasolibrar.it\/#organization"},"potentialAction":[{"@type":"SearchAction","target":{"@type":"EntryPoint","urlTemplate":"https:\/\/agriturmasolibrar.it\/?s={search_term_string}"},"query-input":{"@type":"PropertyValueSpecification","valueRequired":true,"valueName":"search_term_string"}}],"inLanguage":"de"},{"@type":"Organization","@id":"https:\/\/agriturmasolibrar.it\/#organization","name":"Agriturismo Maso Librar - Trento","url":"https:\/\/agriturmasolibrar.it\/","logo":{"@type":"ImageObject","inLanguage":"de","@id":"https:\/\/agriturmasolibrar.it\/#\/schema\/logo\/image\/","url":"https:\/\/agriturmasolibrar.it\/wp-content\/uploads\/2024\/11\/ico-masolibrar.png","contentUrl":"https:\/\/agriturmasolibrar.it\/wp-content\/uploads\/2024\/11\/ico-masolibrar.png","width":1200,"height":1200,"caption":"Agriturismo Maso Librar - Trento"},"image":{"@id":"https:\/\/agriturmasolibrar.it\/#\/schema\/logo\/image\/"},"sameAs":["https:\/\/www.facebook.com\/Agriturmasolibrar","https:\/\/www.instagram.com\/masolibrar\/"]}]}},"_links":{"self":[{"href":"https:\/\/agriturmasolibrar.it\/de\/wp-json\/wp\/v2\/pages\/1201","targetHints":{"allow":["GET"]}}],"collection":[{"href":"https:\/\/agriturmasolibrar.it\/de\/wp-json\/wp\/v2\/pages"}],"about":[{"href":"https:\/\/agriturmasolibrar.it\/de\/wp-json\/wp\/v2\/types\/page"}],"author":[{"embeddable":true,"href":"https:\/\/agriturmasolibrar.it\/de\/wp-json\/wp\/v2\/users\/3"}],"replies":[{"embeddable":true,"href":"https:\/\/agriturmasolibrar.it\/de\/wp-json\/wp\/v2\/comments?post=1201"}],"version-history":[{"count":1,"href":"https:\/\/agriturmasolibrar.it\/de\/wp-json\/wp\/v2\/pages\/1201\/revisions"}],"predecessor-version":[{"id":1202,"href":"https:\/\/agriturmasolibrar.it\/de\/wp-json\/wp\/v2\/pages\/1201\/revisions\/1202"}],"wp:attachment":[{"href":"https:\/\/agriturmasolibrar.it\/de\/wp-json\/wp\/v2\/media?parent=1201"}],"curies":[{"name":"wp","href":"https:\/\/api.w.org\/{rel}","templated":true}]}}