{"id":1253,"date":"2021-07-08T11:59:05","date_gmt":"2021-07-08T09:59:05","guid":{"rendered":"https:\/\/agriturmasolibrar.it\/?page_id=1253"},"modified":"2025-06-05T16:31:28","modified_gmt":"2025-06-05T14:31:28","slug":"aktivitaeten","status":"publish","type":"page","link":"https:\/\/agriturmasolibrar.it\/de\/aktivitaeten\/","title":{"rendered":"Aktivit\u00e4ten"},"content":{"rendered":"<section class=\"l-section wpb_row height_medium full_height valign_bottom with_img with_slider\"><div class=\"l-section-img\" role=\"img\" aria-label=\"Agritur Maso Librar - Agriturismo a Trento\" data-img-width=\"1920\" data-img-height=\"1282\" style=\"background-image: url(https:\/\/agriturmasolibrar.it\/wp-content\/uploads\/2021\/04\/DSC03321.jpg);\"><\/div><div class=\"l-section-slider\"><div class=\"w-slider style_none fit_cover nav_none count_6\"><div class=\"w-slider-h\" aria-hidden=\"true\"><div class=\"royalSlider\"><div class=\"rsContent\"><a class=\"rsImg\" data-rsw=\"1280\" data-rsh=\"853\" href=\"https:\/\/agriturmasolibrar.it\/wp-content\/uploads\/2021\/04\/IMG_4118.jpg\"><span data-alt=\"\"><\/span><\/a><\/div><div class=\"rsContent\"><a class=\"rsImg\" data-rsw=\"1280\" data-rsh=\"853\" href=\"https:\/\/agriturmasolibrar.it\/wp-content\/uploads\/2021\/04\/IMG_0077.jpg\"><span data-alt=\"Agritur Maso Librar - Agriturismo Trentino\"><\/span><\/a><\/div><div class=\"rsContent\"><a class=\"rsImg\" data-rsw=\"1280\" data-rsh=\"853\" href=\"https:\/\/agriturmasolibrar.it\/wp-content\/uploads\/2021\/04\/IMG_0335.jpg\"><span data-alt=\"\"><\/span><\/a><\/div><div class=\"rsContent\"><a class=\"rsImg\" data-rsw=\"1024\" data-rsh=\"768\" href=\"https:\/\/agriturmasolibrar.it\/wp-content\/uploads\/2021\/04\/a4544908-f86b-4de6-b2c1-a3f521171a1f.jpg\"><span data-alt=\"\"><\/span><\/a><\/div><div class=\"rsContent\"><a class=\"rsImg\" data-rsw=\"1280\" data-rsh=\"1707\" href=\"https:\/\/agriturmasolibrar.it\/wp-content\/uploads\/2021\/04\/IMG_8788.jpg\"><span data-alt=\"\"><\/span><\/a><\/div><div class=\"rsContent\"><a class=\"rsImg\" data-rsw=\"1280\" data-rsh=\"1707\" href=\"https:\/\/agriturmasolibrar.it\/wp-content\/uploads\/2021\/04\/IMG_8337.jpg\"><span data-alt=\"\"><\/span><\/a><\/div><\/div><img decoding=\"async\" src=\"https:\/\/agriturmasolibrar.it\/wp-content\/uploads\/2021\/04\/IMG_4118.jpg\" width=\"1280\" height=\"853\" alt loading=\"lazy\"><\/div><div class=\"w-slider-json\" onclick='return {&quot;autoScaleSlider&quot;:true,&quot;addActiveClass&quot;:true,&quot;loop&quot;:true,&quot;fadeInLoadedSlide&quot;:false,&quot;slidesSpacing&quot;:0,&quot;imageScalePadding&quot;:0,&quot;numImagesToPreload&quot;:2,&quot;arrowsNav&quot;:false,&quot;arrowsNavAutoHide&quot;:false,&quot;transitionType&quot;:&quot;fade&quot;,&quot;transitionSpeed&quot;:200,&quot;block&quot;:{&quot;moveEffect&quot;:&quot;none&quot;,&quot;speed&quot;:300},&quot;thumbs&quot;:{&quot;fitInViewport&quot;:false,&quot;firstMargin&quot;:false,&quot;spacing&quot;:4},&quot;controlNavigation&quot;:&quot;none&quot;,&quot;autoplay&quot;:{&quot;enabled&quot;:true,&quot;pauseOnHover&quot;:false,&quot;delay&quot;:1000},&quot;autoScaleSliderWidth&quot;:1280,&quot;autoScaleSliderHeight&quot;:853}'><\/div><\/div><\/div><div class=\"l-section-overlay\" style=\"background:rgba(0,0,0,0.15)\"><\/div><div class=\"l-section-h i-cf\"><div class=\"g-cols vc_row via_flex valign_middle type_default stacking_default\"><div class=\"vc_col-sm-12 wpb_column vc_column_container us_animate_fade\" style=\"animation-delay:1s\"><div class=\"vc_column-inner\"><div class=\"wpb_wrapper\"><div class=\"wpb_text_column us_custom_c64953b6 has_text_color\"><div class=\"wpb_wrapper\"><p>Sie werden doch wohl nicht die ganze Zeit \u00fcber in Ihrem Zimmer bleiben wollen &#8230;<\/p>\n<\/div><\/div><div class=\"wpb_text_column us_custom_a6d0cded has_text_color\"><div class=\"wpb_wrapper\"><p>Kommen und erleben Sie die fantastischen Erfahrungen im Maso Librar.<\/p>\n<\/div><\/div><div class=\"w-separator size_large\"><\/div><\/div><\/div><\/div><\/div><\/div><\/section><section class=\"l-section wpb_row height_large\"><div class=\"l-section-h i-cf\"><div class=\"g-cols vc_row via_flex valign_top type_default stacking_default\"><div class=\"vc_col-sm-12 wpb_column vc_column_container\"><div class=\"vc_column-inner\"><div class=\"wpb_wrapper\"><div class=\"g-cols wpb_row via_flex valign_top type_default stacking_default\"><div class=\"vc_col-sm-6 wpb_column vc_column_container\"><div class=\"vc_column-inner\"><div class=\"wpb_wrapper\"><div class=\"wpb_text_column us_custom_b480f84e has_text_color\"><div class=\"wpb_wrapper\"><p>AGRITUR MASO LIBRAR<\/p>\n<\/div><\/div><div class=\"w-separator us_custom_dcab56b3 size_custom with_line width_50 thick_1 style_solid color_border align_left\" style=\"height:8px\"><div class=\"w-separator-h\"><\/div><\/div><div class=\"wpb_text_column\"><div class=\"wpb_wrapper\"><h1>Aktivit\u00e4ten<\/h1>\n<\/div><\/div><div class=\"wpb_text_column\"><div class=\"wpb_wrapper\"><h2>VERLEBEN SIE EINEN AUFENTHALT INMITTEN DER NATUR UND IN ENGEM KONTAKT MIT DEN TIEREN.<\/h2>\n<\/div><\/div><\/div><\/div><\/div><div class=\"vc_col-sm-6 wpb_column vc_column_container\"><div class=\"vc_column-inner\"><div class=\"wpb_wrapper\"><div class=\"wpb_text_column\"><div class=\"wpb_wrapper\"><p>Bei uns sind die Kleinen bestens aufgehoben. Erfahrene Betreuer wissen, wie man sie mit einem vollen Programm an spannenden Aktivit\u00e4ten unterh\u00e4lt.<\/p>\n<p>Ob bei der Stallreinigung, Ponypflege oder beim Eiersammeln, in Ihrem Urlaub erleben Sie einzigartige Momente und lernen die Natur in all ihren Facetten kennen.<\/p>\n<ul>\n<li>Programme f\u00fcr Kinder<\/li>\n<li>Kostenlose Betreuung an 5 Tagen die Woche<\/li>\n<\/ul>\n<\/div><\/div><div class=\"w-separator size_medium\"><\/div><\/div><\/div><\/div><\/div><div class=\"w-image us_custom_1c9ddf79 i300 align_right us_animate_afr\"><div class=\"w-image-h\"><img decoding=\"async\" width=\"347\" height=\"502\" src=\"https:\/\/agriturmasolibrar.it\/wp-content\/uploads\/2021\/04\/bg-uva.svg\" class=\"attachment-medium size-medium\" alt=\"Agritur Maso Librar - Agriturismo Trentino\" loading=\"lazy\" \/><\/div><\/div><\/div><\/div><\/div><\/div><\/div><\/section><section class=\"l-section wpb_row height_small\"><div class=\"l-section-h i-cf\"><div class=\"g-cols vc_row via_flex valign_top type_default stacking_default\"><div class=\"vc_col-sm-12 wpb_column vc_column_container\"><div class=\"vc_column-inner\"><div class=\"wpb_wrapper\"><div class=\"wpb_text_column us_custom_f03ee871\"><div class=\"wpb_wrapper\"><h3>Der Lehrbauernhof<\/h3>\n<\/div><\/div><div class=\"w-separator size_custom with_line width_default thick_1 style_solid color_border align_center\" style=\"height:10px\"><div class=\"w-separator-h\"><\/div><\/div><div class=\"w-separator size_small\"><\/div><div class=\"g-cols wpb_row via_flex valign_middle type_default stacking_default\"><div class=\"vc_col-sm-8 wpb_column vc_column_container\"><div class=\"vc_column-inner\"><div class=\"wpb_wrapper\"><div class=\"w-slider style_none fit_cover nav_dots count_4\"><div class=\"w-slider-h\" aria-hidden=\"true\"><div class=\"royalSlider\"><div class=\"rsContent\"><a class=\"rsImg\" data-rsw=\"1280\" data-rsh=\"853\" href=\"https:\/\/agriturmasolibrar.it\/wp-content\/uploads\/2021\/04\/IMG_4118.jpg\"><span data-alt=\"\"><\/span><\/a><\/div><div class=\"rsContent\"><a class=\"rsImg\" data-rsw=\"1280\" data-rsh=\"900\" href=\"https:\/\/agriturmasolibrar.it\/wp-content\/uploads\/2021\/04\/IMG_3657-1280x900.jpg\"><span data-alt=\"\"><\/span><\/a><\/div><div class=\"rsContent\"><a class=\"rsImg\" data-rsw=\"1280\" data-rsh=\"900\" href=\"https:\/\/agriturmasolibrar.it\/wp-content\/uploads\/2021\/04\/IMG_3376-1280x900.jpg\"><span data-alt=\"\"><\/span><\/a><\/div><div class=\"rsContent\"><a class=\"rsImg\" data-rsw=\"960\" data-rsh=\"720\" href=\"https:\/\/agriturmasolibrar.it\/wp-content\/uploads\/2021\/04\/33867805_2093212787629065_8539025820654501888_n.jpg\"><span data-alt=\"\"><\/span><\/a><\/div><\/div><img decoding=\"async\" src=\"https:\/\/agriturmasolibrar.it\/wp-content\/uploads\/2021\/04\/IMG_4118.jpg\" width=\"1280\" height=\"853\" alt loading=\"lazy\"><\/div><div class=\"w-slider-json\" onclick='return {&quot;autoScaleSlider&quot;:true,&quot;addActiveClass&quot;:true,&quot;loop&quot;:true,&quot;fadeInLoadedSlide&quot;:false,&quot;slidesSpacing&quot;:0,&quot;imageScalePadding&quot;:0,&quot;numImagesToPreload&quot;:2,&quot;arrowsNav&quot;:true,&quot;arrowsNavAutoHide&quot;:false,&quot;transitionType&quot;:&quot;move&quot;,&quot;transitionSpeed&quot;:250,&quot;block&quot;:{&quot;moveEffect&quot;:&quot;none&quot;,&quot;speed&quot;:300},&quot;thumbs&quot;:{&quot;fitInViewport&quot;:false,&quot;firstMargin&quot;:false,&quot;spacing&quot;:4},&quot;controlNavigation&quot;:&quot;bullets&quot;,&quot;autoplay&quot;:{&quot;enabled&quot;:true,&quot;pauseOnHover&quot;:true,&quot;delay&quot;:3000},&quot;autoScaleSliderWidth&quot;:1280,&quot;autoScaleSliderHeight&quot;:853}'><\/div><\/div><\/div><\/div><\/div><div class=\"vc_col-sm-4 wpb_column vc_column_container\"><div class=\"vc_column-inner\"><div class=\"wpb_wrapper\"><div class=\"wpb_text_column us_custom_432d3f53\"><div class=\"wpb_wrapper\"><p>Der Lehrbauernhof f\u00fchrt Kinder in eine ihnen oft unbekannte Welt.\u00a0Ein Urlaub auf dem Bauernhof ist eine moderne Wahl und verspricht vor allem Familien <strong>einzigartige und besondere Erfahrungen<\/strong>. Kinder k\u00f6nnen sich frei in der erlebnisreichen Natur vergn\u00fcgen und haben auch die M\u00f6glichkeit, aktiv am Landleben teilzunehmen.<\/p>\n<\/div><\/div><div class=\"wpb_text_column\"><div class=\"wpb_wrapper\"><p><strong> T\u00e4glich nur mit Reservierung verf\u00fcgbar: <\/strong><\/p>\n<ul>\n<li>Workshops 15 \u20ac pro Kind<\/li>\n<li>Besichtigung des Bauernhofs 5 \u20ac<\/li>\n<\/ul>\n<\/div><\/div><\/div><\/div><\/div><\/div><\/div><\/div><\/div><\/div><\/div><\/section><section class=\"l-section wpb_row height_small\"><div class=\"l-section-h i-cf\"><div class=\"g-cols vc_row via_flex valign_top type_default stacking_default\"><div class=\"vc_col-sm-12 wpb_column vc_column_container\"><div class=\"vc_column-inner\"><div class=\"wpb_wrapper\"><div class=\"wpb_text_column us_custom_1f257949\"><div class=\"wpb_wrapper\"><h3>Ponyausfl\u00fcge<\/h3>\n<\/div><\/div><div class=\"w-separator size_custom with_line width_default thick_1 style_solid color_border align_center\" style=\"height:10px\"><div class=\"w-separator-h\"><\/div><\/div><div class=\"w-separator size_small\"><\/div><div class=\"g-cols wpb_row via_flex valign_middle type_default stacking_default\"><div class=\"vc_col-sm-4 wpb_column vc_column_container\"><div class=\"vc_column-inner\"><div class=\"wpb_wrapper\"><div class=\"w-message color_red with_icon\"><div class=\"w-message-icon\"><i class=\"fas fa-exclamation-circle\"><\/i><\/div><div class=\"w-message-body\"><p>DERZEIT NICHT VERF\u00dcGBAR<\/p>\n<\/div><\/div><div class=\"wpb_text_column\"><div class=\"wpb_wrapper\"><p>Wir stellen <strong>Ponys<\/strong> zur Verf\u00fcgung, um Ausfl\u00fcge in die Umgebung unseres Bauernhofes zu unternehmen. In Begleitung von <strong>qualifiziertem Personal<\/strong> k\u00f6nnen Sie die D\u00fcfte der Natur in absoluter Sicherheit erleben und genie\u00dfen.<\/p>\n<\/div><\/div><div class=\"w-separator size_small with_line width_default thick_1 style_solid color_text align_left with_text with_content\"><div class=\"w-separator-h\"><span class=\"w-separator-text\"><span>ANGEBOT<\/span><\/span><\/div><\/div><div class=\"wpb_text_column\"><div class=\"wpb_wrapper\"><p>Ausfl\u00fcge mit dem Esel oder dem Pony mit der M\u00f6glichkeit, diese selbst zu satteln und einen Ausritt in die Umgebung zu wagen.<br \/>\n<strong>\u20ac 35 pro Kind<\/strong><\/p>\n<\/div><\/div><\/div><\/div><\/div><div class=\"vc_col-sm-8 wpb_column vc_column_container\"><div class=\"vc_column-inner\"><div class=\"wpb_wrapper\"><div class=\"w-image align_none\"><div class=\"w-image-h\"><img decoding=\"async\" width=\"1920\" height=\"1281\" src=\"https:\/\/agriturmasolibrar.it\/wp-content\/uploads\/2021\/09\/OND06166pmx.jpg\" class=\"attachment-full size-full\" alt=\"\" loading=\"lazy\" srcset=\"https:\/\/agriturmasolibrar.it\/wp-content\/uploads\/2021\/09\/OND06166pmx.jpg 1920w, https:\/\/agriturmasolibrar.it\/wp-content\/uploads\/2021\/09\/OND06166pmx-300x200.jpg 300w, https:\/\/agriturmasolibrar.it\/wp-content\/uploads\/2021\/09\/OND06166pmx-1024x683.jpg 1024w, https:\/\/agriturmasolibrar.it\/wp-content\/uploads\/2021\/09\/OND06166pmx-600x400.jpg 600w\" sizes=\"auto, (max-width: 1920px) 100vw, 1920px\" \/><\/div><\/div><\/div><\/div><\/div><\/div><\/div><\/div><\/div><\/div><\/div><\/section><section class=\"l-section wpb_row height_large with_img\"><div class=\"l-section-img\" role=\"img\" aria-label=\"Agritur Maso Librar - Agriturismo a Trento\" data-img-width=\"960\" data-img-height=\"912\" style=\"background-image: url(https:\/\/agriturmasolibrar.it\/wp-content\/uploads\/2021\/04\/bg-pattern.svg);background-position: center left;background-repeat: no-repeat;background-size: auto;\"><\/div><div class=\"l-section-h i-cf\"><div class=\"g-cols vc_row via_flex valign_top type_default stacking_default\"><div class=\"vc_col-sm-12 wpb_column vc_column_container\"><div class=\"vc_column-inner\"><div class=\"wpb_wrapper\"><div class=\"wpb_text_column us_custom_f03ee871\"><div class=\"wpb_wrapper\"><h3>Tiere haben Hunger!<\/h3>\n<\/div><\/div><div class=\"w-separator size_custom with_line width_default thick_1 style_solid color_border align_center\" style=\"height:10px\"><div class=\"w-separator-h\"><\/div><\/div><div class=\"w-separator size_small\"><\/div><div class=\"g-cols wpb_row via_flex valign_middle type_default stacking_default\"><div class=\"vc_col-sm-8 wpb_column vc_column_container\"><div class=\"vc_column-inner\"><div class=\"wpb_wrapper\"><div class=\"w-slider style_none fit_cover nav_dots count_4\"><div class=\"w-slider-h\" aria-hidden=\"true\"><div class=\"royalSlider\"><div class=\"rsContent\"><a class=\"rsImg\" data-rsw=\"1280\" data-rsh=\"900\" href=\"https:\/\/agriturmasolibrar.it\/wp-content\/uploads\/2021\/09\/OND06190pmx-1280x900.jpg\"><span data-alt=\"\"><\/span><\/a><\/div><div class=\"rsContent\"><a class=\"rsImg\" data-rsw=\"1280\" data-rsh=\"900\" href=\"https:\/\/agriturmasolibrar.it\/wp-content\/uploads\/2021\/09\/OND06108pmx-1280x900.jpg\"><span data-alt=\"\"><\/span><\/a><\/div><div class=\"rsContent\"><a class=\"rsImg\" data-rsw=\"1280\" data-rsh=\"900\" href=\"https:\/\/agriturmasolibrar.it\/wp-content\/uploads\/2021\/09\/OND06082pmx-1280x900.jpg\"><span data-alt=\"\"><\/span><\/a><\/div><div class=\"rsContent\"><a class=\"rsImg\" data-rsw=\"1280\" data-rsh=\"853\" href=\"https:\/\/agriturmasolibrar.it\/wp-content\/uploads\/2021\/04\/IMG_4177.jpg\"><span data-alt=\"\"><\/span><\/a><\/div><\/div><img decoding=\"async\" src=\"https:\/\/agriturmasolibrar.it\/wp-content\/uploads\/2021\/09\/OND06190pmx-1280x900.jpg\" width=\"1280\" height=\"900\" alt loading=\"lazy\"><\/div><div class=\"w-slider-json\" onclick='return {&quot;autoScaleSlider&quot;:true,&quot;addActiveClass&quot;:true,&quot;loop&quot;:true,&quot;fadeInLoadedSlide&quot;:false,&quot;slidesSpacing&quot;:0,&quot;imageScalePadding&quot;:0,&quot;numImagesToPreload&quot;:2,&quot;arrowsNav&quot;:true,&quot;arrowsNavAutoHide&quot;:false,&quot;transitionType&quot;:&quot;move&quot;,&quot;transitionSpeed&quot;:250,&quot;block&quot;:{&quot;moveEffect&quot;:&quot;none&quot;,&quot;speed&quot;:300},&quot;thumbs&quot;:{&quot;fitInViewport&quot;:false,&quot;firstMargin&quot;:false,&quot;spacing&quot;:4},&quot;controlNavigation&quot;:&quot;bullets&quot;,&quot;autoplay&quot;:{&quot;enabled&quot;:true,&quot;pauseOnHover&quot;:true,&quot;delay&quot;:3000},&quot;autoScaleSliderWidth&quot;:1280,&quot;autoScaleSliderHeight&quot;:900}'><\/div><\/div><\/div><\/div><\/div><div class=\"vc_col-sm-4 wpb_column vc_column_container\"><div class=\"vc_column-inner\"><div class=\"wpb_wrapper\"><div class=\"wpb_text_column\"><div class=\"wpb_wrapper\"><p>Heu oder Karotten? Alle unsere G\u00e4ste k\u00f6nnen eine der intimsten Phasen des Tages aktiv mitverfolgen. <strong>Tiere mit der Hand zu f\u00fcttern<\/strong>, ist eine Erfahrung, die uns ihnen n\u00e4herbringt. Ihren warmen Atem auf unseren H\u00e4nden zu sp\u00fcren, w\u00e4hrend sie ohne Scheu auf uns zukommen, ist ein unvergessliches Erlebnis.<\/p>\n<\/div><\/div><div class=\"w-separator size_small with_line width_default thick_1 style_solid color_text align_left with_text with_content\"><div class=\"w-separator-h\"><span class=\"w-separator-text\"><span>ANGEBOT<\/span><\/span><\/div><\/div><div class=\"wpb_text_column\"><div class=\"wpb_wrapper\"><p>Den Tieren nahezukommen und die M\u00f6glichkeit haben, sie zu f\u00fcttern.<br \/>\n<strong>\u20ac10 pro Stunde<\/strong><\/p>\n<\/div><\/div><\/div><\/div><\/div><\/div><\/div><\/div><\/div><\/div><\/div><\/section><section class=\"l-section wpb_row height_small\"><div class=\"l-section-h i-cf\"><div class=\"g-cols vc_row via_flex valign_top type_default stacking_default\"><div class=\"vc_col-sm-12 wpb_column vc_column_container\"><div class=\"vc_column-inner\"><div class=\"wpb_wrapper\"><div class=\"w-separator size_small\"><\/div><\/div><\/div><\/div><\/div><\/div><\/section>\n","protected":false},"excerpt":{"rendered":"Sie werden doch wohl nicht die ganze Zeit \u00fcber in Ihrem Zimmer bleiben wollen &#8230; Kommen und erleben Sie die fantastischen Erfahrungen im Maso Librar. AGRITUR MASO LIBRAR Aktivit\u00e4ten VERLEBEN SIE EINEN AUFENTHALT INMITTEN DER NATUR UND IN ENGEM KONTAKT MIT DEN TIEREN. Bei uns sind die Kleinen bestens aufgehoben. Erfahrene Betreuer wissen, wie man...","protected":false},"author":3,"featured_media":0,"parent":0,"menu_order":0,"comment_status":"closed","ping_status":"closed","template":"","meta":{"inline_featured_image":false,"footnotes":""},"class_list":["post-1253","page","type-page","status-publish","hentry"],"yoast_head":"<!-- This site is optimized with the Yoast SEO plugin v27.5 - https:\/\/yoast.com\/product\/yoast-seo-wordpress\/ -->\n<title>Aktivit\u00e4ten - Agriturismo Maso Librar<\/title>\n<meta name=\"robots\" content=\"index, follow, max-snippet:-1, max-image-preview:large, max-video-preview:-1\" \/>\n<link rel=\"canonical\" href=\"https:\/\/agriturmasolibrar.it\/de\/aktivitaeten\/\" \/>\n<meta property=\"og:locale\" content=\"de_DE\" \/>\n<meta property=\"og:type\" content=\"article\" \/>\n<meta property=\"og:title\" content=\"Aktivit\u00e4ten - Agriturismo Maso Librar\" \/>\n<meta property=\"og:url\" content=\"https:\/\/agriturmasolibrar.it\/de\/aktivitaeten\/\" \/>\n<meta property=\"og:site_name\" content=\"Agriturismo Maso Librar\" \/>\n<meta property=\"article:publisher\" content=\"https:\/\/www.facebook.com\/Agriturmasolibrar\" \/>\n<meta property=\"article:modified_time\" content=\"2025-06-05T14:31:28+00:00\" \/>\n<meta property=\"og:image\" content=\"https:\/\/agriturmasolibrar.it\/wp-content\/uploads\/2021\/04\/DSC03321-1-1024x684.jpg\" \/>\n\t<meta property=\"og:image:width\" content=\"1024\" \/>\n\t<meta property=\"og:image:height\" content=\"684\" \/>\n\t<meta property=\"og:image:type\" content=\"image\/jpeg\" \/>\n<meta name=\"twitter:card\" content=\"summary_large_image\" \/>\n<meta name=\"twitter:label1\" content=\"Gesch\u00e4tzte Lesezeit\" \/>\n\t<meta name=\"twitter:data1\" content=\"2\u00a0Minuten\" \/>\n<script type=\"application\/ld+json\" class=\"yoast-schema-graph\">{\"@context\":\"https:\\\/\\\/schema.org\",\"@graph\":[{\"@type\":\"WebPage\",\"@id\":\"https:\\\/\\\/agriturmasolibrar.it\\\/de\\\/aktivitaeten\\\/\",\"url\":\"https:\\\/\\\/agriturmasolibrar.it\\\/de\\\/aktivitaeten\\\/\",\"name\":\"Aktivit\u00e4ten - Agriturismo Maso Librar\",\"isPartOf\":{\"@id\":\"https:\\\/\\\/agriturmasolibrar.it\\\/#website\"},\"datePublished\":\"2021-07-08T09:59:05+00:00\",\"dateModified\":\"2025-06-05T14:31:28+00:00\",\"breadcrumb\":{\"@id\":\"https:\\\/\\\/agriturmasolibrar.it\\\/de\\\/aktivitaeten\\\/#breadcrumb\"},\"inLanguage\":\"de\",\"potentialAction\":[{\"@type\":\"ReadAction\",\"target\":[\"https:\\\/\\\/agriturmasolibrar.it\\\/de\\\/aktivitaeten\\\/\"]}]},{\"@type\":\"BreadcrumbList\",\"@id\":\"https:\\\/\\\/agriturmasolibrar.it\\\/de\\\/aktivitaeten\\\/#breadcrumb\",\"itemListElement\":[{\"@type\":\"ListItem\",\"position\":1,\"name\":\"Home\",\"item\":\"https:\\\/\\\/agriturmasolibrar.it\\\/de\\\/\"},{\"@type\":\"ListItem\",\"position\":2,\"name\":\"Aktivit\u00e4ten\"}]},{\"@type\":\"WebSite\",\"@id\":\"https:\\\/\\\/agriturmasolibrar.it\\\/#website\",\"url\":\"https:\\\/\\\/agriturmasolibrar.it\\\/\",\"name\":\"Agriturismo Maso Librar\",\"description\":\"Agriturismo Maso Librar\",\"publisher\":{\"@id\":\"https:\\\/\\\/agriturmasolibrar.it\\\/#organization\"},\"potentialAction\":[{\"@type\":\"SearchAction\",\"target\":{\"@type\":\"EntryPoint\",\"urlTemplate\":\"https:\\\/\\\/agriturmasolibrar.it\\\/?s={search_term_string}\"},\"query-input\":{\"@type\":\"PropertyValueSpecification\",\"valueRequired\":true,\"valueName\":\"search_term_string\"}}],\"inLanguage\":\"de\"},{\"@type\":\"Organization\",\"@id\":\"https:\\\/\\\/agriturmasolibrar.it\\\/#organization\",\"name\":\"Agriturismo Maso Librar - Trento\",\"url\":\"https:\\\/\\\/agriturmasolibrar.it\\\/\",\"logo\":{\"@type\":\"ImageObject\",\"inLanguage\":\"de\",\"@id\":\"https:\\\/\\\/agriturmasolibrar.it\\\/#\\\/schema\\\/logo\\\/image\\\/\",\"url\":\"https:\\\/\\\/agriturmasolibrar.it\\\/wp-content\\\/uploads\\\/2024\\\/11\\\/ico-masolibrar.png\",\"contentUrl\":\"https:\\\/\\\/agriturmasolibrar.it\\\/wp-content\\\/uploads\\\/2024\\\/11\\\/ico-masolibrar.png\",\"width\":1200,\"height\":1200,\"caption\":\"Agriturismo Maso Librar - Trento\"},\"image\":{\"@id\":\"https:\\\/\\\/agriturmasolibrar.it\\\/#\\\/schema\\\/logo\\\/image\\\/\"},\"sameAs\":[\"https:\\\/\\\/www.facebook.com\\\/Agriturmasolibrar\",\"https:\\\/\\\/www.instagram.com\\\/masolibrar\\\/\"]}]}<\/script>\n<!-- \/ Yoast SEO plugin. -->","yoast_head_json":{"title":"Aktivit\u00e4ten - Agriturismo Maso Librar","robots":{"index":"index","follow":"follow","max-snippet":"max-snippet:-1","max-image-preview":"max-image-preview:large","max-video-preview":"max-video-preview:-1"},"canonical":"https:\/\/agriturmasolibrar.it\/de\/aktivitaeten\/","og_locale":"de_DE","og_type":"article","og_title":"Aktivit\u00e4ten - Agriturismo Maso Librar","og_url":"https:\/\/agriturmasolibrar.it\/de\/aktivitaeten\/","og_site_name":"Agriturismo Maso Librar","article_publisher":"https:\/\/www.facebook.com\/Agriturmasolibrar","article_modified_time":"2025-06-05T14:31:28+00:00","og_image":[{"width":1024,"height":684,"url":"https:\/\/agriturmasolibrar.it\/wp-content\/uploads\/2021\/04\/DSC03321-1-1024x684.jpg","type":"image\/jpeg"}],"twitter_card":"summary_large_image","twitter_misc":{"Gesch\u00e4tzte Lesezeit":"2\u00a0Minuten"},"schema":{"@context":"https:\/\/schema.org","@graph":[{"@type":"WebPage","@id":"https:\/\/agriturmasolibrar.it\/de\/aktivitaeten\/","url":"https:\/\/agriturmasolibrar.it\/de\/aktivitaeten\/","name":"Aktivit\u00e4ten - Agriturismo Maso Librar","isPartOf":{"@id":"https:\/\/agriturmasolibrar.it\/#website"},"datePublished":"2021-07-08T09:59:05+00:00","dateModified":"2025-06-05T14:31:28+00:00","breadcrumb":{"@id":"https:\/\/agriturmasolibrar.it\/de\/aktivitaeten\/#breadcrumb"},"inLanguage":"de","potentialAction":[{"@type":"ReadAction","target":["https:\/\/agriturmasolibrar.it\/de\/aktivitaeten\/"]}]},{"@type":"BreadcrumbList","@id":"https:\/\/agriturmasolibrar.it\/de\/aktivitaeten\/#breadcrumb","itemListElement":[{"@type":"ListItem","position":1,"name":"Home","item":"https:\/\/agriturmasolibrar.it\/de\/"},{"@type":"ListItem","position":2,"name":"Aktivit\u00e4ten"}]},{"@type":"WebSite","@id":"https:\/\/agriturmasolibrar.it\/#website","url":"https:\/\/agriturmasolibrar.it\/","name":"Agriturismo Maso Librar","description":"Agriturismo Maso Librar","publisher":{"@id":"https:\/\/agriturmasolibrar.it\/#organization"},"potentialAction":[{"@type":"SearchAction","target":{"@type":"EntryPoint","urlTemplate":"https:\/\/agriturmasolibrar.it\/?s={search_term_string}"},"query-input":{"@type":"PropertyValueSpecification","valueRequired":true,"valueName":"search_term_string"}}],"inLanguage":"de"},{"@type":"Organization","@id":"https:\/\/agriturmasolibrar.it\/#organization","name":"Agriturismo Maso Librar - Trento","url":"https:\/\/agriturmasolibrar.it\/","logo":{"@type":"ImageObject","inLanguage":"de","@id":"https:\/\/agriturmasolibrar.it\/#\/schema\/logo\/image\/","url":"https:\/\/agriturmasolibrar.it\/wp-content\/uploads\/2024\/11\/ico-masolibrar.png","contentUrl":"https:\/\/agriturmasolibrar.it\/wp-content\/uploads\/2024\/11\/ico-masolibrar.png","width":1200,"height":1200,"caption":"Agriturismo Maso Librar - Trento"},"image":{"@id":"https:\/\/agriturmasolibrar.it\/#\/schema\/logo\/image\/"},"sameAs":["https:\/\/www.facebook.com\/Agriturmasolibrar","https:\/\/www.instagram.com\/masolibrar\/"]}]}},"_links":{"self":[{"href":"https:\/\/agriturmasolibrar.it\/de\/wp-json\/wp\/v2\/pages\/1253","targetHints":{"allow":["GET"]}}],"collection":[{"href":"https:\/\/agriturmasolibrar.it\/de\/wp-json\/wp\/v2\/pages"}],"about":[{"href":"https:\/\/agriturmasolibrar.it\/de\/wp-json\/wp\/v2\/types\/page"}],"author":[{"embeddable":true,"href":"https:\/\/agriturmasolibrar.it\/de\/wp-json\/wp\/v2\/users\/3"}],"replies":[{"embeddable":true,"href":"https:\/\/agriturmasolibrar.it\/de\/wp-json\/wp\/v2\/comments?post=1253"}],"version-history":[{"count":4,"href":"https:\/\/agriturmasolibrar.it\/de\/wp-json\/wp\/v2\/pages\/1253\/revisions"}],"predecessor-version":[{"id":2346,"href":"https:\/\/agriturmasolibrar.it\/de\/wp-json\/wp\/v2\/pages\/1253\/revisions\/2346"}],"wp:attachment":[{"href":"https:\/\/agriturmasolibrar.it\/de\/wp-json\/wp\/v2\/media?parent=1253"}],"curies":[{"name":"wp","href":"https:\/\/api.w.org\/{rel}","templated":true}]}}