{"id":1413,"date":"2021-07-08T14:15:58","date_gmt":"2021-07-08T12:15:58","guid":{"rendered":"https:\/\/agriturmasolibrar.it\/?page_id=1413"},"modified":"2021-09-13T13:55:23","modified_gmt":"2021-09-13T11:55:23","slug":"betrieb","status":"publish","type":"page","link":"https:\/\/agriturmasolibrar.it\/de\/betrieb\/","title":{"rendered":"Betrieb"},"content":{"rendered":"<section class=\"l-section wpb_row height_medium full_height valign_bottom with_slider\"><div class=\"l-section-slider\"><div class=\"w-slider style_none fit_cover nav_none count_3\"><div class=\"w-slider-h\" aria-hidden=\"true\"><div class=\"royalSlider\"><div class=\"rsContent\"><a class=\"rsImg\" data-rsw=\"1280\" data-rsh=\"851\" href=\"https:\/\/agriturmasolibrar.it\/wp-content\/uploads\/2021\/04\/DSC_0171.jpg\"><span data-alt=\"\"><\/span><\/a><\/div><div class=\"rsContent\"><a class=\"rsImg\" data-rsw=\"1920\" data-rsh=\"1279\" href=\"https:\/\/agriturmasolibrar.it\/wp-content\/uploads\/2021\/09\/DJI_0205pmx-1.jpg\"><span data-alt=\"\"><\/span><\/a><\/div><div class=\"rsContent\"><a class=\"rsImg\" data-rsw=\"1920\" data-rsh=\"1279\" href=\"https:\/\/agriturmasolibrar.it\/wp-content\/uploads\/2021\/09\/DJI_0196pmx.jpg\"><span data-alt=\"\"><\/span><\/a><\/div><\/div><img decoding=\"async\" src=\"https:\/\/agriturmasolibrar.it\/wp-content\/uploads\/2021\/04\/DSC_0171.jpg\" width=\"1280\" height=\"851\" alt loading=\"lazy\"><\/div><div class=\"w-slider-json\" onclick='return {&quot;autoScaleSlider&quot;:true,&quot;addActiveClass&quot;:true,&quot;loop&quot;:true,&quot;fadeInLoadedSlide&quot;:false,&quot;slidesSpacing&quot;:0,&quot;imageScalePadding&quot;:0,&quot;numImagesToPreload&quot;:2,&quot;arrowsNav&quot;:false,&quot;arrowsNavAutoHide&quot;:false,&quot;transitionType&quot;:&quot;fade&quot;,&quot;transitionSpeed&quot;:1000,&quot;block&quot;:{&quot;moveEffect&quot;:&quot;none&quot;,&quot;speed&quot;:300},&quot;thumbs&quot;:{&quot;fitInViewport&quot;:false,&quot;firstMargin&quot;:false,&quot;spacing&quot;:4},&quot;controlNavigation&quot;:&quot;none&quot;,&quot;autoplay&quot;:{&quot;enabled&quot;:true,&quot;pauseOnHover&quot;:false,&quot;delay&quot;:3000},&quot;autoScaleSliderWidth&quot;:1280,&quot;autoScaleSliderHeight&quot;:851}'><\/div><\/div><\/div><div class=\"l-section-overlay\" style=\"background:rgba(0,0,0,0.10)\"><\/div><div class=\"l-section-h i-cf\"><div class=\"g-cols vc_row via_flex valign_middle type_default stacking_default\"><div class=\"vc_col-sm-12 wpb_column vc_column_container us_animate_fade\" style=\"animation-delay:1s\"><div class=\"vc_column-inner\"><div class=\"wpb_wrapper\"><div class=\"wpb_text_column us_custom_6244970e has_text_color\"><div class=\"wpb_wrapper\"><p>Familie Mazzalai<\/p>\n<\/div><\/div><div class=\"wpb_text_column us_custom_d919567e has_text_color\"><div class=\"wpb_wrapper\"><p>Leidenschaft f\u00fcr Tiere und das Bauernleben.<\/p>\n<\/div><\/div><div class=\"w-separator size_large\"><\/div><\/div><\/div><\/div><\/div><\/div><\/section><section class=\"l-section wpb_row height_large\"><div class=\"l-section-h i-cf\"><div class=\"g-cols vc_row via_flex valign_top type_default stacking_default\"><div class=\"vc_col-sm-12 wpb_column vc_column_container\"><div class=\"vc_column-inner\"><div class=\"wpb_wrapper\"><div class=\"g-cols wpb_row via_flex valign_top type_default stacking_default\"><div class=\"vc_col-sm-6 wpb_column vc_column_container\"><div class=\"vc_column-inner\"><div class=\"wpb_wrapper\"><div class=\"wpb_text_column us_custom_b480f84e has_text_color\"><div class=\"wpb_wrapper\"><p>AGRITUR MASO LIBRAR<\/p>\n<\/div><\/div><div class=\"w-separator us_custom_dcab56b3 size_custom with_line width_50 thick_1 style_solid color_border align_left\" style=\"height:8px\"><div class=\"w-separator-h\"><\/div><\/div><div class=\"wpb_text_column\"><div class=\"wpb_wrapper\"><h1>Wer wir sind und was wir tun<\/h1>\n<\/div><\/div><div class=\"wpb_text_column\"><div class=\"wpb_wrapper\"><h2>WIR HABEN UNSEREN TRAUM VERWIRKLICHT<\/h2>\n<\/div><\/div><\/div><\/div><\/div><div class=\"vc_col-sm-6 wpb_column vc_column_container\"><div class=\"vc_column-inner\"><div class=\"wpb_wrapper\"><div class=\"wpb_text_column\"><div class=\"wpb_wrapper\"><p>Wir haben schon immer die Leidenschaft f\u00fcr Tiere geteilt und sind stolze Wortf\u00fchrer des b\u00e4uerlichen Lebens der Vergangenheit.<\/p>\n<p>Valentina k\u00fcmmert sich um die Tiere und Ihren Empfang, ihr Ehemann Davide hingegen um die Bewirtschaftung der Weinberge und das Wohl ihrer 3 Kinder.<\/p>\n<\/div><\/div><div class=\"w-separator size_medium\"><\/div><\/div><\/div><\/div><\/div><div class=\"w-image us_custom_1c9ddf79 i300 align_right us_animate_afr\"><div class=\"w-image-h\"><img decoding=\"async\" width=\"347\" height=\"502\" src=\"https:\/\/agriturmasolibrar.it\/wp-content\/uploads\/2021\/04\/bg-uva.svg\" class=\"attachment-medium size-medium\" alt=\"Agritur Maso Librar - Agriturismo Trentino\" loading=\"lazy\" \/><\/div><\/div><div class=\"w-separator size_huge\"><\/div><\/div><\/div><\/div><\/div><\/div><\/section><section class=\"l-section wpb_row height_small\"><div class=\"l-section-h i-cf\"><div class=\"g-cols vc_row via_flex valign_middle type_default stacking_default\"><div class=\"vc_col-sm-8 wpb_column vc_column_container\"><div class=\"vc_column-inner\"><div class=\"wpb_wrapper\"><div class=\"w-image align_none\"><div class=\"w-image-h\"><img decoding=\"async\" width=\"1024\" height=\"681\" src=\"https:\/\/agriturmasolibrar.it\/wp-content\/uploads\/2021\/04\/DSC_0845-1024x681.jpg\" class=\"attachment-large size-large\" alt=\"\" loading=\"lazy\" srcset=\"https:\/\/agriturmasolibrar.it\/wp-content\/uploads\/2021\/04\/DSC_0845-1024x681.jpg 1024w, https:\/\/agriturmasolibrar.it\/wp-content\/uploads\/2021\/04\/DSC_0845-300x199.jpg 300w, https:\/\/agriturmasolibrar.it\/wp-content\/uploads\/2021\/04\/DSC_0845-600x400.jpg 600w, https:\/\/agriturmasolibrar.it\/wp-content\/uploads\/2021\/04\/DSC_0845.jpg 1280w\" sizes=\"auto, (max-width: 1024px) 100vw, 1024px\" \/><\/div><\/div><\/div><\/div><\/div><div class=\"vc_col-sm-4 wpb_column vc_column_container\"><div class=\"vc_column-inner\"><div class=\"wpb_wrapper\"><div class=\"wpb_text_column\"><div class=\"wpb_wrapper\"><h3>Der Weinberg<\/h3>\n<\/div><\/div><div class=\"w-separator us_custom_dcab56b3 size_custom with_line width_50 thick_1 style_solid color_border align_left\" style=\"height:8px\"><div class=\"w-separator-h\"><\/div><\/div><div class=\"wpb_text_column us_custom_432d3f53\"><div class=\"wpb_wrapper\"><p>Mein Name ist Davide, ich verbringe den gr\u00f6\u00dften Teil des Tages in der Natur und k\u00fcmmere mich um alle landwirtschaftlichen Aktivit\u00e4ten, um stets ein hohes Qualit\u00e4tsniveau aller unserer Produkte zu gew\u00e4hrleisten.<\/p>\n<\/div><\/div><\/div><\/div><\/div><\/div><\/div><\/section><section class=\"l-section wpb_row height_small\"><div class=\"l-section-h i-cf\"><div class=\"g-cols vc_row via_flex valign_middle type_default reversed stacking_default\"><div class=\"vc_col-sm-4 wpb_column vc_column_container\"><div class=\"vc_column-inner\"><div class=\"wpb_wrapper\"><div class=\"wpb_text_column\"><div class=\"wpb_wrapper\"><h3>Die Tiere<\/h3>\n<\/div><\/div><div class=\"w-separator us_custom_dcab56b3 size_custom with_line width_50 thick_1 style_solid color_border align_left\" style=\"height:8px\"><div class=\"w-separator-h\"><\/div><\/div><div class=\"wpb_text_column us_custom_432d3f53\"><div class=\"wpb_wrapper\"><p>Ich bin Valentina, Davides Frau, und k\u00fcmmere mich um unsere Tiere. Jeden Morgen mache ich die Runde, f\u00fcttere sie und versorge ihre Lager mit Heu und Stroh. F\u00fcr sie bin ich wie eine zweite Mutter und wenn sie mich kommen sehen, machen sie vor Freude Luftspr\u00fcnge.<\/p>\n<\/div><\/div><\/div><\/div><\/div><div class=\"vc_col-sm-8 wpb_column vc_column_container\"><div class=\"vc_column-inner\"><div class=\"wpb_wrapper\"><div class=\"w-image align_none\"><div class=\"w-image-h\"><img decoding=\"async\" width=\"1024\" height=\"681\" src=\"https:\/\/agriturmasolibrar.it\/wp-content\/uploads\/2021\/04\/DSC_0060-1024x681.jpg\" class=\"attachment-large size-large\" alt=\"\" loading=\"lazy\" srcset=\"https:\/\/agriturmasolibrar.it\/wp-content\/uploads\/2021\/04\/DSC_0060-1024x681.jpg 1024w, https:\/\/agriturmasolibrar.it\/wp-content\/uploads\/2021\/04\/DSC_0060-300x199.jpg 300w, https:\/\/agriturmasolibrar.it\/wp-content\/uploads\/2021\/04\/DSC_0060-600x400.jpg 600w, https:\/\/agriturmasolibrar.it\/wp-content\/uploads\/2021\/04\/DSC_0060.jpg 1280w\" sizes=\"auto, (max-width: 1024px) 100vw, 1024px\" \/><\/div><\/div><\/div><\/div><\/div><\/div><\/div><\/section><section class=\"l-section wpb_row height_small with_img\"><div class=\"l-section-img\" role=\"img\" aria-label=\"Agritur Maso Librar - Agriturismo a Trento\" data-img-width=\"960\" data-img-height=\"912\" style=\"background-image: url(https:\/\/agriturmasolibrar.it\/wp-content\/uploads\/2021\/04\/bg-pattern.svg);background-position: center left;background-repeat: no-repeat;background-size: auto;\"><\/div><div class=\"l-section-h i-cf\"><div class=\"g-cols vc_row via_flex valign_middle type_default stacking_default\"><div class=\"vc_col-sm-8 wpb_column vc_column_container\"><div class=\"vc_column-inner\"><div class=\"wpb_wrapper\"><div class=\"w-image align_none\"><div class=\"w-image-h\"><img decoding=\"async\" width=\"1024\" height=\"684\" src=\"https:\/\/agriturmasolibrar.it\/wp-content\/uploads\/2021\/04\/DSC03426-1024x684.jpg\" class=\"attachment-large size-large\" alt=\"\" loading=\"lazy\" srcset=\"https:\/\/agriturmasolibrar.it\/wp-content\/uploads\/2021\/04\/DSC03426-1024x684.jpg 1024w, https:\/\/agriturmasolibrar.it\/wp-content\/uploads\/2021\/04\/DSC03426-300x200.jpg 300w, https:\/\/agriturmasolibrar.it\/wp-content\/uploads\/2021\/04\/DSC03426-600x400.jpg 600w, https:\/\/agriturmasolibrar.it\/wp-content\/uploads\/2021\/04\/DSC03426.jpg 1920w\" sizes=\"auto, (max-width: 1024px) 100vw, 1024px\" \/><\/div><\/div><\/div><\/div><\/div><div class=\"vc_col-sm-4 wpb_column vc_column_container\"><div class=\"vc_column-inner\"><div class=\"wpb_wrapper\"><div class=\"wpb_text_column\"><div class=\"wpb_wrapper\"><h3>Die Produkte<\/h3>\n<\/div><\/div><div class=\"w-separator us_custom_dcab56b3 size_custom with_line width_50 thick_1 style_solid color_border align_left\" style=\"height:8px\"><div class=\"w-separator-h\"><\/div><\/div><div class=\"wpb_text_column us_custom_432d3f53\"><div class=\"wpb_wrapper\"><p>In unserem Betrieb produzieren wir haupts\u00e4chlich Trauben, die gr\u00f6\u00dftenteils f\u00fcr die Bereitung des Trento DOC, eines der renommiertesten Weine des Trentino, bestimmt sind. Dar\u00fcber hinaus widmen wir uns dem Kleinobst und der Tierzucht.<\/p>\n<\/div><\/div><\/div><\/div><\/div><\/div><\/div><\/section><section class=\"l-section wpb_row height_small\"><div class=\"l-section-h i-cf\"><div class=\"g-cols vc_row via_flex valign_top type_default stacking_default\"><div class=\"vc_col-sm-12 wpb_column vc_column_container\"><div class=\"vc_column-inner\"><div class=\"wpb_wrapper\"><div class=\"w-separator size_small\"><\/div><\/div><\/div><\/div><\/div><\/div><\/section>\n","protected":false},"excerpt":{"rendered":"Familie Mazzalai Leidenschaft f\u00fcr Tiere und das Bauernleben. AGRITUR MASO LIBRAR Wer wir sind und was wir tun WIR HABEN UNSEREN TRAUM VERWIRKLICHT Wir haben schon immer die Leidenschaft f\u00fcr Tiere geteilt und sind stolze Wortf\u00fchrer des b\u00e4uerlichen Lebens der Vergangenheit. Valentina k\u00fcmmert sich um die Tiere und Ihren Empfang, ihr Ehemann Davide hingegen um...","protected":false},"author":3,"featured_media":0,"parent":0,"menu_order":0,"comment_status":"closed","ping_status":"closed","template":"","meta":{"inline_featured_image":false,"footnotes":""},"class_list":["post-1413","page","type-page","status-publish","hentry"],"yoast_head":"<!-- This site is optimized with the Yoast SEO plugin v27.5 - https:\/\/yoast.com\/product\/yoast-seo-wordpress\/ -->\n<title>Betrieb - Agriturismo Maso Librar<\/title>\n<meta name=\"robots\" content=\"index, follow, max-snippet:-1, max-image-preview:large, max-video-preview:-1\" \/>\n<link rel=\"canonical\" href=\"https:\/\/agriturmasolibrar.it\/de\/betrieb\/\" \/>\n<meta property=\"og:locale\" content=\"de_DE\" \/>\n<meta property=\"og:type\" content=\"article\" \/>\n<meta property=\"og:title\" content=\"Betrieb - Agriturismo Maso Librar\" \/>\n<meta property=\"og:url\" content=\"https:\/\/agriturmasolibrar.it\/de\/betrieb\/\" \/>\n<meta property=\"og:site_name\" content=\"Agriturismo Maso Librar\" \/>\n<meta property=\"article:publisher\" content=\"https:\/\/www.facebook.com\/Agriturmasolibrar\" \/>\n<meta property=\"article:modified_time\" content=\"2021-09-13T11:55:23+00:00\" \/>\n<meta property=\"og:image\" content=\"https:\/\/agriturmasolibrar.it\/wp-content\/uploads\/2021\/04\/DSC03321-1-1024x684.jpg\" \/>\n\t<meta property=\"og:image:width\" content=\"1024\" \/>\n\t<meta property=\"og:image:height\" content=\"684\" \/>\n\t<meta property=\"og:image:type\" content=\"image\/jpeg\" \/>\n<meta name=\"twitter:card\" content=\"summary_large_image\" \/>\n<meta name=\"twitter:label1\" content=\"Gesch\u00e4tzte Lesezeit\" \/>\n\t<meta name=\"twitter:data1\" content=\"2\u00a0Minuten\" \/>\n<script type=\"application\/ld+json\" class=\"yoast-schema-graph\">{\"@context\":\"https:\\\/\\\/schema.org\",\"@graph\":[{\"@type\":\"WebPage\",\"@id\":\"https:\\\/\\\/agriturmasolibrar.it\\\/de\\\/betrieb\\\/\",\"url\":\"https:\\\/\\\/agriturmasolibrar.it\\\/de\\\/betrieb\\\/\",\"name\":\"Betrieb - Agriturismo Maso Librar\",\"isPartOf\":{\"@id\":\"https:\\\/\\\/agriturmasolibrar.it\\\/#website\"},\"datePublished\":\"2021-07-08T12:15:58+00:00\",\"dateModified\":\"2021-09-13T11:55:23+00:00\",\"breadcrumb\":{\"@id\":\"https:\\\/\\\/agriturmasolibrar.it\\\/de\\\/betrieb\\\/#breadcrumb\"},\"inLanguage\":\"de\",\"potentialAction\":[{\"@type\":\"ReadAction\",\"target\":[\"https:\\\/\\\/agriturmasolibrar.it\\\/de\\\/betrieb\\\/\"]}]},{\"@type\":\"BreadcrumbList\",\"@id\":\"https:\\\/\\\/agriturmasolibrar.it\\\/de\\\/betrieb\\\/#breadcrumb\",\"itemListElement\":[{\"@type\":\"ListItem\",\"position\":1,\"name\":\"Home\",\"item\":\"https:\\\/\\\/agriturmasolibrar.it\\\/de\\\/\"},{\"@type\":\"ListItem\",\"position\":2,\"name\":\"Betrieb\"}]},{\"@type\":\"WebSite\",\"@id\":\"https:\\\/\\\/agriturmasolibrar.it\\\/#website\",\"url\":\"https:\\\/\\\/agriturmasolibrar.it\\\/\",\"name\":\"Agriturismo Maso Librar\",\"description\":\"Agriturismo Maso Librar\",\"publisher\":{\"@id\":\"https:\\\/\\\/agriturmasolibrar.it\\\/#organization\"},\"potentialAction\":[{\"@type\":\"SearchAction\",\"target\":{\"@type\":\"EntryPoint\",\"urlTemplate\":\"https:\\\/\\\/agriturmasolibrar.it\\\/?s={search_term_string}\"},\"query-input\":{\"@type\":\"PropertyValueSpecification\",\"valueRequired\":true,\"valueName\":\"search_term_string\"}}],\"inLanguage\":\"de\"},{\"@type\":\"Organization\",\"@id\":\"https:\\\/\\\/agriturmasolibrar.it\\\/#organization\",\"name\":\"Agriturismo Maso Librar - Trento\",\"url\":\"https:\\\/\\\/agriturmasolibrar.it\\\/\",\"logo\":{\"@type\":\"ImageObject\",\"inLanguage\":\"de\",\"@id\":\"https:\\\/\\\/agriturmasolibrar.it\\\/#\\\/schema\\\/logo\\\/image\\\/\",\"url\":\"https:\\\/\\\/agriturmasolibrar.it\\\/wp-content\\\/uploads\\\/2024\\\/11\\\/ico-masolibrar.png\",\"contentUrl\":\"https:\\\/\\\/agriturmasolibrar.it\\\/wp-content\\\/uploads\\\/2024\\\/11\\\/ico-masolibrar.png\",\"width\":1200,\"height\":1200,\"caption\":\"Agriturismo Maso Librar - Trento\"},\"image\":{\"@id\":\"https:\\\/\\\/agriturmasolibrar.it\\\/#\\\/schema\\\/logo\\\/image\\\/\"},\"sameAs\":[\"https:\\\/\\\/www.facebook.com\\\/Agriturmasolibrar\",\"https:\\\/\\\/www.instagram.com\\\/masolibrar\\\/\"]}]}<\/script>\n<!-- \/ Yoast SEO plugin. -->","yoast_head_json":{"title":"Betrieb - Agriturismo Maso Librar","robots":{"index":"index","follow":"follow","max-snippet":"max-snippet:-1","max-image-preview":"max-image-preview:large","max-video-preview":"max-video-preview:-1"},"canonical":"https:\/\/agriturmasolibrar.it\/de\/betrieb\/","og_locale":"de_DE","og_type":"article","og_title":"Betrieb - Agriturismo Maso Librar","og_url":"https:\/\/agriturmasolibrar.it\/de\/betrieb\/","og_site_name":"Agriturismo Maso Librar","article_publisher":"https:\/\/www.facebook.com\/Agriturmasolibrar","article_modified_time":"2021-09-13T11:55:23+00:00","og_image":[{"width":1024,"height":684,"url":"https:\/\/agriturmasolibrar.it\/wp-content\/uploads\/2021\/04\/DSC03321-1-1024x684.jpg","type":"image\/jpeg"}],"twitter_card":"summary_large_image","twitter_misc":{"Gesch\u00e4tzte Lesezeit":"2\u00a0Minuten"},"schema":{"@context":"https:\/\/schema.org","@graph":[{"@type":"WebPage","@id":"https:\/\/agriturmasolibrar.it\/de\/betrieb\/","url":"https:\/\/agriturmasolibrar.it\/de\/betrieb\/","name":"Betrieb - Agriturismo Maso Librar","isPartOf":{"@id":"https:\/\/agriturmasolibrar.it\/#website"},"datePublished":"2021-07-08T12:15:58+00:00","dateModified":"2021-09-13T11:55:23+00:00","breadcrumb":{"@id":"https:\/\/agriturmasolibrar.it\/de\/betrieb\/#breadcrumb"},"inLanguage":"de","potentialAction":[{"@type":"ReadAction","target":["https:\/\/agriturmasolibrar.it\/de\/betrieb\/"]}]},{"@type":"BreadcrumbList","@id":"https:\/\/agriturmasolibrar.it\/de\/betrieb\/#breadcrumb","itemListElement":[{"@type":"ListItem","position":1,"name":"Home","item":"https:\/\/agriturmasolibrar.it\/de\/"},{"@type":"ListItem","position":2,"name":"Betrieb"}]},{"@type":"WebSite","@id":"https:\/\/agriturmasolibrar.it\/#website","url":"https:\/\/agriturmasolibrar.it\/","name":"Agriturismo Maso Librar","description":"Agriturismo Maso Librar","publisher":{"@id":"https:\/\/agriturmasolibrar.it\/#organization"},"potentialAction":[{"@type":"SearchAction","target":{"@type":"EntryPoint","urlTemplate":"https:\/\/agriturmasolibrar.it\/?s={search_term_string}"},"query-input":{"@type":"PropertyValueSpecification","valueRequired":true,"valueName":"search_term_string"}}],"inLanguage":"de"},{"@type":"Organization","@id":"https:\/\/agriturmasolibrar.it\/#organization","name":"Agriturismo Maso Librar - Trento","url":"https:\/\/agriturmasolibrar.it\/","logo":{"@type":"ImageObject","inLanguage":"de","@id":"https:\/\/agriturmasolibrar.it\/#\/schema\/logo\/image\/","url":"https:\/\/agriturmasolibrar.it\/wp-content\/uploads\/2024\/11\/ico-masolibrar.png","contentUrl":"https:\/\/agriturmasolibrar.it\/wp-content\/uploads\/2024\/11\/ico-masolibrar.png","width":1200,"height":1200,"caption":"Agriturismo Maso Librar - Trento"},"image":{"@id":"https:\/\/agriturmasolibrar.it\/#\/schema\/logo\/image\/"},"sameAs":["https:\/\/www.facebook.com\/Agriturmasolibrar","https:\/\/www.instagram.com\/masolibrar\/"]}]}},"_links":{"self":[{"href":"https:\/\/agriturmasolibrar.it\/de\/wp-json\/wp\/v2\/pages\/1413","targetHints":{"allow":["GET"]}}],"collection":[{"href":"https:\/\/agriturmasolibrar.it\/de\/wp-json\/wp\/v2\/pages"}],"about":[{"href":"https:\/\/agriturmasolibrar.it\/de\/wp-json\/wp\/v2\/types\/page"}],"author":[{"embeddable":true,"href":"https:\/\/agriturmasolibrar.it\/de\/wp-json\/wp\/v2\/users\/3"}],"replies":[{"embeddable":true,"href":"https:\/\/agriturmasolibrar.it\/de\/wp-json\/wp\/v2\/comments?post=1413"}],"version-history":[{"count":3,"href":"https:\/\/agriturmasolibrar.it\/de\/wp-json\/wp\/v2\/pages\/1413\/revisions"}],"predecessor-version":[{"id":1862,"href":"https:\/\/agriturmasolibrar.it\/de\/wp-json\/wp\/v2\/pages\/1413\/revisions\/1862"}],"wp:attachment":[{"href":"https:\/\/agriturmasolibrar.it\/de\/wp-json\/wp\/v2\/media?parent=1413"}],"curies":[{"name":"wp","href":"https:\/\/api.w.org\/{rel}","templated":true}]}}