{"id":1432,"date":"2021-07-08T14:52:46","date_gmt":"2021-07-08T12:52:46","guid":{"rendered":"https:\/\/agriturmasolibrar.it\/?page_id=1432"},"modified":"2025-04-23T14:58:21","modified_gmt":"2025-04-23T12:58:21","slug":"angebot","status":"publish","type":"page","link":"https:\/\/agriturmasolibrar.it\/de\/angebot\/","title":{"rendered":"Angebot"},"content":{"rendered":"<section class=\"l-section wpb_row height_huge with_img\"><div class=\"l-section-img\" role=\"img\" aria-label=\"Agritur Maso Librar - Agriturismo a Trento\" data-img-width=\"1920\" data-img-height=\"1280\" style=\"background-image: url(https:\/\/agriturmasolibrar.it\/wp-content\/uploads\/2021\/04\/IMG_8045.jpg);\"><\/div><div class=\"l-section-overlay\" style=\"background:rgba(0,0,0,0.10)\"><\/div><div class=\"l-section-h i-cf\"><div class=\"g-cols vc_row via_flex valign_middle type_default stacking_default\"><div class=\"vc_col-sm-12 wpb_column vc_column_container us_animate_fade\" style=\"animation-delay:1s\"><div class=\"vc_column-inner\"><div class=\"wpb_wrapper\"><div class=\"w-separator size_large\"><\/div><div class=\"w-separator size_medium\"><\/div><div class=\"wpb_text_column us_custom_6244970e has_text_color\"><div class=\"wpb_wrapper\"><p>Unsere Angebote<\/p>\n<\/div><\/div><div class=\"wpb_text_column us_custom_d919567e has_text_color\"><div class=\"wpb_wrapper\"><p>Kommen Sie und erleben Sie diese Erfahrungen bei Maso Librar.<\/p>\n<\/div><\/div><div class=\"w-separator size_medium\"><\/div><\/div><\/div><\/div><\/div><\/div><\/section><section class=\"l-section wpb_row height_large\"><div class=\"l-section-h i-cf\"><div class=\"g-cols vc_row via_flex valign_top type_default stacking_default\" style=\"--additional-gap:20px;\"><div class=\"vc_col-sm-12 wpb_column vc_column_container\"><div class=\"vc_column-inner\"><div class=\"wpb_wrapper\"><div class=\"w-grid us_grid type_grid layout_186 hidden cols_2 overflow_hidden preload_style_spinner\" id=\"us_grid_1\" style=\"--columns:2;--gap:1.5rem;\" data-filterable=\"true\"><style>@media (max-width:600px){#us_grid_1{--columns:1!important}}.layout_186 .w-grid-item-h{background:var(--color-content-bg);color:var(--color-content-text);box-shadow:0 0.03rem 0.06rem rgba(0,0,0,0.1),0 0.1rem 0.3rem rgba(0,0,0,0.1);transition-duration:0.3s}.no-touch .layout_186 .w-grid-item-h:hover{box-shadow:0 0.1rem 0.2rem rgba(0,0,0,0.1),0 0.33rem 1rem rgba(0,0,0,0.15);z-index:4}.layout_186 .usg_post_title_1{font-size:1.4rem!important;font-weight:700!important}.layout_186 .usg_vwrapper_1{padding:9% 11% 11% 11%!important}.layout_186 .usg_post_taxonomy_1{font-weight:700!important;text-transform:uppercase!important;font-size:10px!important;position:absolute!important;top:1.2rem!important;right:1.2rem!important;left:1.2rem!important}.layout_186 .usg_post_content_1{margin-bottom:15px!important}@media (max-width:600px){.layout_186 .usg_post_title_1{font-size:1.2rem!important}}<\/style><div class=\"w-grid-list\"><\/div>\t<div class=\"w-grid-preloader\">\r\n\t\t<div class=\"g-preloader type_2\">\r\n\t\t\t<div><\/div>\r\n\t\t<\/div>\r\n\t<\/div>\r\n\t\t<div class=\"w-grid-json hidden\" onclick='return {&quot;action&quot;:&quot;us_ajax_grid&quot;,&quot;infinite_scroll&quot;:0,&quot;max_num_pages&quot;:0,&quot;pagination&quot;:&quot;none&quot;,&quot;template_vars&quot;:{&quot;columns&quot;:&quot;2&quot;,&quot;exclude_items&quot;:&quot;none&quot;,&quot;img_size&quot;:&quot;default&quot;,&quot;ignore_items_size&quot;:0,&quot;items_layout&quot;:&quot;186&quot;,&quot;items_offset&quot;:&quot;1&quot;,&quot;load_animation&quot;:&quot;none&quot;,&quot;overriding_link&quot;:&quot;{\\&quot;url\\&quot;:\\&quot;\\&quot;}&quot;,&quot;post_id&quot;:0,&quot;query_args&quot;:{&quot;post_type&quot;:[&quot;post&quot;],&quot;post_status&quot;:[&quot;publish&quot;,&quot;mapped&quot;,&quot;needs_update&quot;],&quot;posts_per_page&quot;:&quot;10&quot;},&quot;orderby_query_args&quot;:{&quot;orderby&quot;:{&quot;date&quot;:&quot;DESC&quot;}},&quot;type&quot;:&quot;grid&quot;,&quot;us_grid_post_type&quot;:&quot;post&quot;,&quot;us_grid_ajax_index&quot;:1,&quot;us_grid_filter_query_string&quot;:null,&quot;us_grid_index&quot;:1,&quot;page_args&quot;:[],&quot;lang&quot;:&quot;de&quot;}}'><\/div>\r\n\t<\/div><div class=\"w-grid-none type_message\">Es wurden keine Ergebnisse gefunden.<\/div><div class=\"w-separator size_small\"><\/div><section class=\"l-section wpb_row height_medium width_full\"><div class=\"l-section-h i-cf\"><div class=\"g-cols vc_row via_flex valign_top type_default stacking_default\"><div class=\"vc_col-sm-12 wpb_column vc_column_container\"><div class=\"vc_column-inner\"><div class=\"wpb_wrapper\"><div class=\"g-cols wpb_row us_custom_2d54ac7d via_flex valign_middle type_default stacking_default\"><div class=\"vc_col-sm-6 wpb_column vc_column_container has_bg_color\"><div class=\"vc_column-inner us_custom_c05d0ff4\"><div class=\"wpb_wrapper\"><\/div><\/div><\/div><div class=\"vc_col-sm-6 wpb_column vc_column_container\"><div class=\"vc_column-inner\"><div class=\"wpb_wrapper\"><div class=\"w-vwrapper us_custom_aafe48d5 align_none valign_top\"><h3 class=\"w-text\"><span class=\"w-text-h\"><span class=\"w-text-value\">Trentino Guest Card<\/span><\/span><\/h3><h4 class=\"w-text\"><span class=\"w-text-h\"><span class=\"w-text-value\">Immer im Preis Ihrer Buchung enthalten<\/span><\/span><\/h4><div class=\"w-separator size_small\"><\/div><div class=\"wpb_text_column\"><div class=\"wpb_wrapper\"><p>Die Trentino Guest Card bietet Ihnen viele weitere Gr\u00fcnde, einen Urlaub im Trentino zu buchen. Sie k\u00f6nnen zum Beispiel Eintritte und Dienstleistungen buchen und erhalten kostenlosen oder erm\u00e4\u00dfigten Zugang zu den wichtigsten Museen, Schl\u00f6ssern und Naturparks. Vor allem aber k\u00f6nnen Sie die \u00f6ffentlichen Verkehrsmittel ungehindert nutzen und so Staus und Parkpl\u00e4tze vermeiden, erhalten Erm\u00e4\u00dfigungen in den angeschlossenen Einrichtungen und haben Zugang zu exklusiven Dienstleistungen wie F\u00fchrungen und Verkostungen.<\/p>\n<\/div><\/div><\/div><\/div><\/div><\/div><\/div><\/div><\/div><\/div><\/div><\/div><\/section>\n<\/div><\/div><\/div><\/div><\/div><\/section><section class=\"l-section wpb_row height_large with_img\"><div class=\"l-section-img\" role=\"img\" aria-label=\"Agritur Maso Librar - Agriturismo a Trento\" data-img-width=\"960\" data-img-height=\"912\" style=\"background-image: url(https:\/\/agriturmasolibrar.it\/wp-content\/uploads\/2021\/04\/bg-pattern.svg);background-position: center left;background-repeat: no-repeat;background-size: auto;\"><\/div><div class=\"l-section-h i-cf\"><div class=\"g-cols vc_row via_flex valign_middle type_default stacking_default\"><div class=\"vc_col-sm-12 wpb_column vc_column_container has_bg_color\"><div class=\"vc_column-inner us_custom_b4df6fa2\"><div class=\"wpb_wrapper\"><div class=\"g-cols wpb_row us_custom_9d2fc92d via_flex valign_top type_default stacking_default\"><div class=\"vc_col-sm-8 wpb_column vc_column_container\"><div class=\"vc_column-inner\"><div class=\"wpb_wrapper\"><div class=\"w-image i150 align_left us_animate_afl\" style=\"animation-delay:1s\"><div class=\"w-image-h\"><img decoding=\"async\" width=\"104\" height=\"44\" src=\"https:\/\/agriturmasolibrar.it\/wp-content\/uploads\/2021\/04\/icona-monte.svg\" class=\"attachment-full size-full\" alt=\"\" loading=\"lazy\" \/><\/div><\/div><div class=\"w-separator size_small\"><\/div><div class=\"wpb_text_column us_custom_6244970e has_text_color\"><div class=\"wpb_wrapper\"><p>Unsere 8 Zimmer<\/p>\n<\/div><\/div><div class=\"wpb_text_column us_custom_f9ab0c70 has_text_color\"><div class=\"wpb_wrapper\"><p>Sie sind alle voneinander verschieden,<br \/>\naus Massivholz handgefertigt.<\/p>\n<\/div><\/div><div class=\"w-btn-wrapper align_none\"><a class=\"w-btn us-btn-style_3 icon_atright\" title=\"Camere\" href=\"https:\/\/agriturmasolibrar.it\/de\/zimmer\/\"><span class=\"w-btn-label\">Zimmer<\/span><i class=\"fal fa-long-arrow-right\"><\/i><\/a><\/div><\/div><\/div><\/div><div class=\"vc_col-sm-4 wpb_column vc_column_container\"><div class=\"vc_column-inner\"><div class=\"wpb_wrapper\"><\/div><\/div><\/div><\/div><\/div><\/div><\/div><\/div><\/div><\/section>\n","protected":false},"excerpt":{"rendered":"Unsere Angebote Kommen Sie und erleben Sie diese Erfahrungen bei Maso Librar. Es wurden keine Ergebnisse gefunden.Trentino Guest CardImmer im Preis Ihrer Buchung enthaltenDie Trentino Guest Card bietet Ihnen viele weitere Gr\u00fcnde, einen Urlaub im Trentino zu buchen. Sie k\u00f6nnen zum Beispiel Eintritte und Dienstleistungen buchen und erhalten kostenlosen oder erm\u00e4\u00dfigten Zugang zu den wichtigsten...","protected":false},"author":3,"featured_media":0,"parent":0,"menu_order":0,"comment_status":"closed","ping_status":"closed","template":"","meta":{"inline_featured_image":false,"footnotes":""},"class_list":["post-1432","page","type-page","status-publish","hentry"],"yoast_head":"<!-- This site is optimized with the Yoast SEO plugin v27.5 - https:\/\/yoast.com\/product\/yoast-seo-wordpress\/ -->\n<title>Angebot - Agriturismo Maso Librar<\/title>\n<meta name=\"robots\" content=\"index, follow, max-snippet:-1, max-image-preview:large, max-video-preview:-1\" \/>\n<link rel=\"canonical\" href=\"https:\/\/agriturmasolibrar.it\/de\/angebot\/\" \/>\n<meta property=\"og:locale\" content=\"de_DE\" \/>\n<meta property=\"og:type\" content=\"article\" \/>\n<meta property=\"og:title\" content=\"Angebot - Agriturismo Maso Librar\" \/>\n<meta property=\"og:url\" content=\"https:\/\/agriturmasolibrar.it\/de\/angebot\/\" \/>\n<meta property=\"og:site_name\" content=\"Agriturismo Maso Librar\" \/>\n<meta property=\"article:publisher\" content=\"https:\/\/www.facebook.com\/Agriturmasolibrar\" \/>\n<meta property=\"article:modified_time\" content=\"2025-04-23T12:58:21+00:00\" \/>\n<meta property=\"og:image\" content=\"https:\/\/agriturmasolibrar.it\/wp-content\/uploads\/2021\/04\/DSC03321-1-1024x684.jpg\" \/>\n\t<meta property=\"og:image:width\" content=\"1024\" \/>\n\t<meta property=\"og:image:height\" content=\"684\" \/>\n\t<meta property=\"og:image:type\" content=\"image\/jpeg\" \/>\n<meta name=\"twitter:card\" content=\"summary_large_image\" \/>\n<meta name=\"twitter:label1\" content=\"Gesch\u00e4tzte Lesezeit\" \/>\n\t<meta name=\"twitter:data1\" content=\"1\u00a0Minute\" \/>\n<script type=\"application\/ld+json\" class=\"yoast-schema-graph\">{\"@context\":\"https:\\\/\\\/schema.org\",\"@graph\":[{\"@type\":\"WebPage\",\"@id\":\"https:\\\/\\\/agriturmasolibrar.it\\\/de\\\/angebot\\\/\",\"url\":\"https:\\\/\\\/agriturmasolibrar.it\\\/de\\\/angebot\\\/\",\"name\":\"Angebot - Agriturismo Maso Librar\",\"isPartOf\":{\"@id\":\"https:\\\/\\\/agriturmasolibrar.it\\\/#website\"},\"datePublished\":\"2021-07-08T12:52:46+00:00\",\"dateModified\":\"2025-04-23T12:58:21+00:00\",\"breadcrumb\":{\"@id\":\"https:\\\/\\\/agriturmasolibrar.it\\\/de\\\/angebot\\\/#breadcrumb\"},\"inLanguage\":\"de\",\"potentialAction\":[{\"@type\":\"ReadAction\",\"target\":[\"https:\\\/\\\/agriturmasolibrar.it\\\/de\\\/angebot\\\/\"]}]},{\"@type\":\"BreadcrumbList\",\"@id\":\"https:\\\/\\\/agriturmasolibrar.it\\\/de\\\/angebot\\\/#breadcrumb\",\"itemListElement\":[{\"@type\":\"ListItem\",\"position\":1,\"name\":\"Home\",\"item\":\"https:\\\/\\\/agriturmasolibrar.it\\\/de\\\/\"},{\"@type\":\"ListItem\",\"position\":2,\"name\":\"Angebot\"}]},{\"@type\":\"WebSite\",\"@id\":\"https:\\\/\\\/agriturmasolibrar.it\\\/#website\",\"url\":\"https:\\\/\\\/agriturmasolibrar.it\\\/\",\"name\":\"Agriturismo Maso Librar\",\"description\":\"Agriturismo Maso Librar\",\"publisher\":{\"@id\":\"https:\\\/\\\/agriturmasolibrar.it\\\/#organization\"},\"potentialAction\":[{\"@type\":\"SearchAction\",\"target\":{\"@type\":\"EntryPoint\",\"urlTemplate\":\"https:\\\/\\\/agriturmasolibrar.it\\\/?s={search_term_string}\"},\"query-input\":{\"@type\":\"PropertyValueSpecification\",\"valueRequired\":true,\"valueName\":\"search_term_string\"}}],\"inLanguage\":\"de\"},{\"@type\":\"Organization\",\"@id\":\"https:\\\/\\\/agriturmasolibrar.it\\\/#organization\",\"name\":\"Agriturismo Maso Librar - Trento\",\"url\":\"https:\\\/\\\/agriturmasolibrar.it\\\/\",\"logo\":{\"@type\":\"ImageObject\",\"inLanguage\":\"de\",\"@id\":\"https:\\\/\\\/agriturmasolibrar.it\\\/#\\\/schema\\\/logo\\\/image\\\/\",\"url\":\"https:\\\/\\\/agriturmasolibrar.it\\\/wp-content\\\/uploads\\\/2024\\\/11\\\/ico-masolibrar.png\",\"contentUrl\":\"https:\\\/\\\/agriturmasolibrar.it\\\/wp-content\\\/uploads\\\/2024\\\/11\\\/ico-masolibrar.png\",\"width\":1200,\"height\":1200,\"caption\":\"Agriturismo Maso Librar - Trento\"},\"image\":{\"@id\":\"https:\\\/\\\/agriturmasolibrar.it\\\/#\\\/schema\\\/logo\\\/image\\\/\"},\"sameAs\":[\"https:\\\/\\\/www.facebook.com\\\/Agriturmasolibrar\",\"https:\\\/\\\/www.instagram.com\\\/masolibrar\\\/\"]}]}<\/script>\n<!-- \/ Yoast SEO plugin. -->","yoast_head_json":{"title":"Angebot - Agriturismo Maso Librar","robots":{"index":"index","follow":"follow","max-snippet":"max-snippet:-1","max-image-preview":"max-image-preview:large","max-video-preview":"max-video-preview:-1"},"canonical":"https:\/\/agriturmasolibrar.it\/de\/angebot\/","og_locale":"de_DE","og_type":"article","og_title":"Angebot - Agriturismo Maso Librar","og_url":"https:\/\/agriturmasolibrar.it\/de\/angebot\/","og_site_name":"Agriturismo Maso Librar","article_publisher":"https:\/\/www.facebook.com\/Agriturmasolibrar","article_modified_time":"2025-04-23T12:58:21+00:00","og_image":[{"width":1024,"height":684,"url":"https:\/\/agriturmasolibrar.it\/wp-content\/uploads\/2021\/04\/DSC03321-1-1024x684.jpg","type":"image\/jpeg"}],"twitter_card":"summary_large_image","twitter_misc":{"Gesch\u00e4tzte Lesezeit":"1\u00a0Minute"},"schema":{"@context":"https:\/\/schema.org","@graph":[{"@type":"WebPage","@id":"https:\/\/agriturmasolibrar.it\/de\/angebot\/","url":"https:\/\/agriturmasolibrar.it\/de\/angebot\/","name":"Angebot - Agriturismo Maso Librar","isPartOf":{"@id":"https:\/\/agriturmasolibrar.it\/#website"},"datePublished":"2021-07-08T12:52:46+00:00","dateModified":"2025-04-23T12:58:21+00:00","breadcrumb":{"@id":"https:\/\/agriturmasolibrar.it\/de\/angebot\/#breadcrumb"},"inLanguage":"de","potentialAction":[{"@type":"ReadAction","target":["https:\/\/agriturmasolibrar.it\/de\/angebot\/"]}]},{"@type":"BreadcrumbList","@id":"https:\/\/agriturmasolibrar.it\/de\/angebot\/#breadcrumb","itemListElement":[{"@type":"ListItem","position":1,"name":"Home","item":"https:\/\/agriturmasolibrar.it\/de\/"},{"@type":"ListItem","position":2,"name":"Angebot"}]},{"@type":"WebSite","@id":"https:\/\/agriturmasolibrar.it\/#website","url":"https:\/\/agriturmasolibrar.it\/","name":"Agriturismo Maso Librar","description":"Agriturismo Maso Librar","publisher":{"@id":"https:\/\/agriturmasolibrar.it\/#organization"},"potentialAction":[{"@type":"SearchAction","target":{"@type":"EntryPoint","urlTemplate":"https:\/\/agriturmasolibrar.it\/?s={search_term_string}"},"query-input":{"@type":"PropertyValueSpecification","valueRequired":true,"valueName":"search_term_string"}}],"inLanguage":"de"},{"@type":"Organization","@id":"https:\/\/agriturmasolibrar.it\/#organization","name":"Agriturismo Maso Librar - Trento","url":"https:\/\/agriturmasolibrar.it\/","logo":{"@type":"ImageObject","inLanguage":"de","@id":"https:\/\/agriturmasolibrar.it\/#\/schema\/logo\/image\/","url":"https:\/\/agriturmasolibrar.it\/wp-content\/uploads\/2024\/11\/ico-masolibrar.png","contentUrl":"https:\/\/agriturmasolibrar.it\/wp-content\/uploads\/2024\/11\/ico-masolibrar.png","width":1200,"height":1200,"caption":"Agriturismo Maso Librar - Trento"},"image":{"@id":"https:\/\/agriturmasolibrar.it\/#\/schema\/logo\/image\/"},"sameAs":["https:\/\/www.facebook.com\/Agriturmasolibrar","https:\/\/www.instagram.com\/masolibrar\/"]}]}},"_links":{"self":[{"href":"https:\/\/agriturmasolibrar.it\/de\/wp-json\/wp\/v2\/pages\/1432","targetHints":{"allow":["GET"]}}],"collection":[{"href":"https:\/\/agriturmasolibrar.it\/de\/wp-json\/wp\/v2\/pages"}],"about":[{"href":"https:\/\/agriturmasolibrar.it\/de\/wp-json\/wp\/v2\/types\/page"}],"author":[{"embeddable":true,"href":"https:\/\/agriturmasolibrar.it\/de\/wp-json\/wp\/v2\/users\/3"}],"replies":[{"embeddable":true,"href":"https:\/\/agriturmasolibrar.it\/de\/wp-json\/wp\/v2\/comments?post=1432"}],"version-history":[{"count":3,"href":"https:\/\/agriturmasolibrar.it\/de\/wp-json\/wp\/v2\/pages\/1432\/revisions"}],"predecessor-version":[{"id":2332,"href":"https:\/\/agriturmasolibrar.it\/de\/wp-json\/wp\/v2\/pages\/1432\/revisions\/2332"}],"wp:attachment":[{"href":"https:\/\/agriturmasolibrar.it\/de\/wp-json\/wp\/v2\/media?parent=1432"}],"curies":[{"name":"wp","href":"https:\/\/api.w.org\/{rel}","templated":true}]}}